{"id":755,"date":"2021-08-04T15:16:25","date_gmt":"2021-08-04T15:16:25","guid":{"rendered":"https:\/\/ftlcnjjl.a2hosted.com\/?page_id=755"},"modified":"2021-08-04T15:16:29","modified_gmt":"2021-08-04T15:16:29","slug":"bedingungen-bedingungen","status":"publish","type":"page","link":"https:\/\/baronwebservices.com\/de\/bedingungen-bedingungen","title":{"rendered":"AGB"},"content":{"rendered":"<div class=\"wp-block-themeisle-blocks-advanced-columns has-1-columns has-desktop-equal-layout has-tablet-equal-layout has-mobile-equal-layout has-default-gap has-vertical-unset\" id=\"wp-block-themeisle-blocks-advanced-columns-0e81d172\"><div class=\"wp-block-themeisle-blocks-advanced-columns-overlay\"><\/div><div class=\"innerblocks-wrap\">\n<div class=\"wp-block-themeisle-blocks-advanced-column\" id=\"wp-block-themeisle-blocks-advanced-column-558297a7\">\n<p><strong>1. Begriffe<\/strong><\/p>\n\n\n\n<p>Mit dem Zugriff auf diese Website erkl\u00e4ren Sie sich mit diesen Nutzungsbedingungen sowie mit allen geltenden Gesetzen und Vorschriften einverstanden und stimmen zu, dass Sie f\u00fcr die Einhaltung aller geltenden lokalen Gesetze verantwortlich sind. Wenn Sie mit einer dieser Bedingungen nicht einverstanden sind, ist es Ihnen untersagt, diese Website zu nutzen oder darauf zuzugreifen. Die auf dieser Website enthaltenen Materialien sind durch geltendes Urheberrecht und Markenrecht gesch\u00fctzt.<\/p>\n\n\n\n<p><strong>2. Lizenz verwenden<\/strong><\/p>\n\n\n\n<ol class=\"wp-block-list\" type=\"a\"><li>Es wird die Erlaubnis erteilt, eine Kopie der Materialien (Informationen oder Software) auf der Website von Baron Webservices vor\u00fcbergehend nur f\u00fcr den pers\u00f6nlichen, nicht-kommerziellen Gebrauch herunterzuladen. Dies ist die Gew\u00e4hrung einer Lizenz, nicht eine \u00dcbertragung des Eigentums, und unter dieser Lizenz d\u00fcrfen Sie nicht:<ul><li>die Materialien zu ver\u00e4ndern oder zu kopieren;<\/li><li>die Materialien f\u00fcr kommerzielle Zwecke oder f\u00fcr eine \u00f6ffentliche Darstellung (kommerziell oder nicht kommerziell) zu verwenden;<\/li><li>Versuche, die auf der Website von Thrive Agency enthaltene Software zu dekompilieren oder zur\u00fcckzuentwickeln;<\/li><li>Urheberrechts- oder andere Eigentumsvermerke aus den Materialien zu entfernen; oder<\/li><li>das Material an eine andere Person weiterzugeben oder auf einem anderen Server zu \"spiegeln\".<\/li><\/ul><\/li><li>Diese Lizenz wird automatisch beendet, wenn Sie eine dieser Einschr\u00e4nkungen verletzen und kann von Baron Webservices jederzeit beendet werden. Nach Beendigung Ihrer Betrachtung dieser Materialien oder nach der Beendigung dieser Lizenz, m\u00fcssen Sie alle heruntergeladenen Materialien in Ihrem Besitz zu zerst\u00f6ren, ob in elektronischer oder gedruckter Form.<\/li><\/ol>\n\n\n\n<p><strong>3. Haftungsausschluss<\/strong><\/p>\n\n\n\n<p>Die Materialien auf der Website von Baron Webservices werden \"wie besehen\" zur Verf\u00fcgung gestellt. Baron Webservices macht keine Garantien, weder ausdr\u00fccklich noch stillschweigend, und lehnt hiermit ab und negiert alle anderen Garantien, einschlie\u00dflich, ohne Einschr\u00e4nkung, stillschweigende Garantien oder Bedingungen der Marktg\u00e4ngigkeit, Eignung f\u00fcr einen bestimmten Zweck, oder Nicht-Verletzung des geistigen Eigentums oder andere Verletzung der Rechte. Dar\u00fcber hinaus gibt Baron Webservices keine Garantie oder Zusicherungen in Bezug auf die Genauigkeit, die wahrscheinlichen Ergebnisse oder die Zuverl\u00e4ssigkeit der Verwendung der Materialien auf seiner Internet-Website oder auf andere Weise in Bezug auf solche Materialien oder auf Websites, die mit dieser Website verbunden sind.<\/p>\n\n\n\n<p><strong>4. Beschr\u00e4nkungen<\/strong><\/p>\n\n\n\n<p>In keinem Fall haftet Baron Webservices oder seine Lieferanten f\u00fcr Sch\u00e4den (einschlie\u00dflich, ohne Einschr\u00e4nkung, Sch\u00e4den f\u00fcr den Verlust von Daten oder Gewinn, oder aufgrund von Gesch\u00e4ftsunterbrechungen,), die sich aus der Nutzung oder Unf\u00e4higkeit, die Materialien auf Baron Webservices Internet-Site zu verwenden, auch wenn Baron Webservices oder ein Baron Webservices autorisierten Vertreter wurde m\u00fcndlich oder schriftlich \u00fcber die M\u00f6glichkeit eines solchen Schadens mitgeteilt. Da einige Gerichtsbarkeiten keine Beschr\u00e4nkungen auf stillschweigende Garantien oder Beschr\u00e4nkungen der Haftung f\u00fcr Folgesch\u00e4den oder zuf\u00e4llige Sch\u00e4den erlauben, k\u00f6nnen diese Beschr\u00e4nkungen nicht f\u00fcr Sie gelten.<\/p>\n\n\n\n<p><strong>5. \u00dcberarbeitungen und Errata<\/strong><\/p>\n\n\n\n<p>Die Materialien, die auf der Website von Baron Webservices erscheinen, k\u00f6nnen technische, typografische oder fotografische Fehler enthalten. Baron Webservices garantiert nicht, dass alle Materialien auf seiner Website korrekt, vollst\u00e4ndig oder aktuell sind. Baron Webservices kann \u00c4nderungen an den Materialien auf seiner Website jederzeit ohne vorherige Ank\u00fcndigung zu machen. Baron Webservices \u00fcbernimmt jedoch keine Verpflichtung zur Aktualisierung der Materialien.<\/p>\n\n\n\n<p><strong>6. Links<\/strong><\/p>\n\n\n\n<p>Baron Webservices hat nicht alle Websites, die mit seiner Internet-Website verlinkt sind, \u00fcberpr\u00fcft und ist nicht verantwortlich f\u00fcr den Inhalt einer solchen verlinkten Website. Die Aufnahme eines Links bedeutet nicht, dass Baron Webservices die Website bef\u00fcrwortet. Die Nutzung einer solchen verlinkten Website erfolgt auf eigenes Risiko des Nutzers.<\/p>\n\n\n\n<p><strong>7. \u00c4nderungen der Nutzungsbedingungen der Website<\/strong><\/p>\n\n\n\n<p>Baron Webservices kann diese Nutzungsbedingungen f\u00fcr seine Website jederzeit und ohne Vorank\u00fcndigung \u00fcberarbeiten. Durch die Nutzung dieser Website erkl\u00e4ren Sie sich damit einverstanden, durch die dann aktuelle Version dieser Nutzungsbedingungen gebunden zu sein.<\/p>\n\n\n\n<p><strong>8. Geltendes Recht<\/strong><\/p>\n\n\n\n<p>Jeder Anspruch in Bezug auf die Website von Baron Webservices unterliegt den Gesetzen des Staates Nevada, ohne R\u00fccksicht auf die Bestimmungen des Kollisionsrechts.<\/p>\n<\/div>\n<\/div><\/div>","protected":false},"excerpt":{"rendered":"","protected":false},"author":1,"featured_media":0,"parent":0,"menu_order":0,"comment_status":"closed","ping_status":"closed","template":"","meta":{"site-sidebar-layout":"default","site-content-layout":"","ast-site-content-layout":"default","site-content-style":"default","site-sidebar-style":"default","ast-global-header-display":"","ast-banner-title-visibility":"","ast-main-header-display":"","ast-hfb-above-header-display":"","ast-hfb-below-header-display":"","ast-hfb-mobile-header-display":"","site-post-title":"","ast-breadcrumbs-content":"","ast-featured-img":"","footer-sml-layout":"","ast-disable-related-posts":"","theme-transparent-header-meta":"","adv-header-id-meta":"","stick-header-meta":"","header-above-stick-meta":"","header-main-stick-meta":"","header-below-stick-meta":"","astra-migrate-meta-layouts":"default","ast-page-background-enabled":"default","ast-page-background-meta":{"desktop":{"background-color":"var(--ast-global-color-4)","background-image":"","background-repeat":"repeat","background-position":"center center","background-size":"auto","background-attachment":"scroll","background-type":"","background-media":"","overlay-type":"","overlay-color":"","overlay-opacity":"","overlay-gradient":""},"tablet":{"background-color":"","background-image":"","background-repeat":"repeat","background-position":"center center","background-size":"auto","background-attachment":"scroll","background-type":"","background-media":"","overlay-type":"","overlay-color":"","overlay-opacity":"","overlay-gradient":""},"mobile":{"background-color":"","background-image":"","background-repeat":"repeat","background-position":"center center","background-size":"auto","background-attachment":"scroll","background-type":"","background-media":"","overlay-type":"","overlay-color":"","overlay-opacity":"","overlay-gradient":""}},"ast-content-background-meta":{"desktop":{"background-color":"var(--ast-global-color-5)","background-image":"","background-repeat":"repeat","background-position":"center center","background-size":"auto","background-attachment":"scroll","background-type":"","background-media":"","overlay-type":"","overlay-color":"","overlay-opacity":"","overlay-gradient":""},"tablet":{"background-color":"var(--ast-global-color-5)","background-image":"","background-repeat":"repeat","background-position":"center center","background-size":"auto","background-attachment":"scroll","background-type":"","background-media":"","overlay-type":"","overlay-color":"","overlay-opacity":"","overlay-gradient":""},"mobile":{"background-color":"var(--ast-global-color-5)","background-image":"","background-repeat":"repeat","background-position":"center center","background-size":"auto","background-attachment":"scroll","background-type":"","background-media":"","overlay-type":"","overlay-color":"","overlay-opacity":"","overlay-gradient":""}},"footnotes":""},"class_list":["post-755","page","type-page","status-publish","hentry"],"yoast_head":"<!-- This site is optimized with the Yoast SEO Premium plugin v24.2 (Yoast SEO v27.6) - https:\/\/yoast.com\/product\/yoast-seo-premium-wordpress\/ -->\n<title>Terms &amp; Conditions - Baron WebServices<\/title>\n<meta name=\"robots\" content=\"index, follow, max-snippet:-1, max-image-preview:large, max-video-preview:-1\" \/>\n<link rel=\"canonical\" href=\"https:\/\/baronwebservices.com\/de\/bedingungen-bedingungen\" \/>\n<meta property=\"og:locale\" content=\"de_DE\" \/>\n<meta property=\"og:type\" content=\"article\" \/>\n<meta property=\"og:title\" content=\"Terms &amp; Conditions\" \/>\n<meta property=\"og:url\" content=\"https:\/\/baronwebservices.com\/de\/bedingungen-bedingungen\" \/>\n<meta property=\"og:site_name\" content=\"Baron WebServices\" \/>\n<meta property=\"article:modified_time\" content=\"2021-08-04T15:16:29+00:00\" \/>\n<meta name=\"twitter:card\" content=\"summary_large_image\" \/>\n<script type=\"application\/ld+json\" class=\"yoast-schema-graph\">{\"@context\":\"https:\\\/\\\/schema.org\",\"@graph\":[{\"@type\":\"WebPage\",\"@id\":\"https:\\\/\\\/baronwebservices.com\\\/terms-conditions\",\"url\":\"https:\\\/\\\/baronwebservices.com\\\/terms-conditions\",\"name\":\"Terms & Conditions - Baron WebServices\",\"isPartOf\":{\"@id\":\"https:\\\/\\\/baronwebservices.com\\\/#website\"},\"datePublished\":\"2021-08-04T15:16:25+00:00\",\"dateModified\":\"2021-08-04T15:16:29+00:00\",\"breadcrumb\":{\"@id\":\"https:\\\/\\\/baronwebservices.com\\\/terms-conditions#breadcrumb\"},\"inLanguage\":\"de\",\"potentialAction\":[{\"@type\":\"ReadAction\",\"target\":[\"https:\\\/\\\/baronwebservices.com\\\/terms-conditions\"]}]},{\"@type\":\"BreadcrumbList\",\"@id\":\"https:\\\/\\\/baronwebservices.com\\\/terms-conditions#breadcrumb\",\"itemListElement\":[{\"@type\":\"ListItem\",\"position\":1,\"name\":\"Home\",\"item\":\"https:\\\/\\\/baronwebservices.com\\\/\"},{\"@type\":\"ListItem\",\"position\":2,\"name\":\"Terms &#038; Conditions\"}]},{\"@type\":\"WebSite\",\"@id\":\"https:\\\/\\\/baronwebservices.com\\\/#website\",\"url\":\"https:\\\/\\\/baronwebservices.com\\\/\",\"name\":\"Baron WebServices\",\"description\":\"Better Presence - More Sales\",\"publisher\":{\"@id\":\"https:\\\/\\\/baronwebservices.com\\\/#organization\"},\"potentialAction\":[{\"@type\":\"SearchAction\",\"target\":{\"@type\":\"EntryPoint\",\"urlTemplate\":\"https:\\\/\\\/baronwebservices.com\\\/?s={search_term_string}\"},\"query-input\":{\"@type\":\"PropertyValueSpecification\",\"valueRequired\":true,\"valueName\":\"search_term_string\"}}],\"inLanguage\":\"de\"},{\"@type\":\"Organization\",\"@id\":\"https:\\\/\\\/baronwebservices.com\\\/#organization\",\"name\":\"Baron Inc.\",\"url\":\"https:\\\/\\\/baronwebservices.com\\\/\",\"logo\":{\"@type\":\"ImageObject\",\"inLanguage\":\"de\",\"@id\":\"https:\\\/\\\/baronwebservices.com\\\/#\\\/schema\\\/logo\\\/image\\\/\",\"url\":\"https:\\\/\\\/baronwebservices.com\\\/wp-content\\\/uploads\\\/2020\\\/11\\\/cropped-baroninc_logo_stripe-1.jpg\",\"contentUrl\":\"https:\\\/\\\/baronwebservices.com\\\/wp-content\\\/uploads\\\/2020\\\/11\\\/cropped-baroninc_logo_stripe-1.jpg\",\"width\":512,\"height\":512,\"caption\":\"Baron Inc.\"},\"image\":{\"@id\":\"https:\\\/\\\/baronwebservices.com\\\/#\\\/schema\\\/logo\\\/image\\\/\"}}]}<\/script>\n<!-- \/ Yoast SEO Premium plugin. -->","yoast_head_json":{"title":"Bedingungen und Konditionen - Baron WebServices","robots":{"index":"index","follow":"follow","max-snippet":"max-snippet:-1","max-image-preview":"max-image-preview:large","max-video-preview":"max-video-preview:-1"},"canonical":"https:\/\/baronwebservices.com\/de\/bedingungen-bedingungen","og_locale":"de_DE","og_type":"article","og_title":"Terms & Conditions","og_url":"https:\/\/baronwebservices.com\/de\/bedingungen-bedingungen","og_site_name":"Baron WebServices","article_modified_time":"2021-08-04T15:16:29+00:00","twitter_card":"summary_large_image","schema":{"@context":"https:\/\/schema.org","@graph":[{"@type":"WebPage","@id":"https:\/\/baronwebservices.com\/terms-conditions","url":"https:\/\/baronwebservices.com\/terms-conditions","name":"Bedingungen und Konditionen - Baron WebServices","isPartOf":{"@id":"https:\/\/baronwebservices.com\/#website"},"datePublished":"2021-08-04T15:16:25+00:00","dateModified":"2021-08-04T15:16:29+00:00","breadcrumb":{"@id":"https:\/\/baronwebservices.com\/terms-conditions#breadcrumb"},"inLanguage":"de","potentialAction":[{"@type":"ReadAction","target":["https:\/\/baronwebservices.com\/terms-conditions"]}]},{"@type":"BreadcrumbList","@id":"https:\/\/baronwebservices.com\/terms-conditions#breadcrumb","itemListElement":[{"@type":"ListItem","position":1,"name":"Home","item":"https:\/\/baronwebservices.com\/"},{"@type":"ListItem","position":2,"name":"Terms &#038; Conditions"}]},{"@type":"WebSite","@id":"https:\/\/baronwebservices.com\/#website","url":"https:\/\/baronwebservices.com\/","name":"Baron WebServices","description":"Better Presence - More Sales","publisher":{"@id":"https:\/\/baronwebservices.com\/#organization"},"potentialAction":[{"@type":"SearchAction","target":{"@type":"EntryPoint","urlTemplate":"https:\/\/baronwebservices.com\/?s={search_term_string}"},"query-input":{"@type":"PropertyValueSpecification","valueRequired":true,"valueName":"search_term_string"}}],"inLanguage":"de"},{"@type":"Organization","@id":"https:\/\/baronwebservices.com\/#organization","name":"Baron Inc.","url":"https:\/\/baronwebservices.com\/","logo":{"@type":"ImageObject","inLanguage":"de","@id":"https:\/\/baronwebservices.com\/#\/schema\/logo\/image\/","url":"https:\/\/baronwebservices.com\/wp-content\/uploads\/2020\/11\/cropped-baroninc_logo_stripe-1.jpg","contentUrl":"https:\/\/baronwebservices.com\/wp-content\/uploads\/2020\/11\/cropped-baroninc_logo_stripe-1.jpg","width":512,"height":512,"caption":"Baron Inc."},"image":{"@id":"https:\/\/baronwebservices.com\/#\/schema\/logo\/image\/"}}]}},"_links":{"self":[{"href":"https:\/\/baronwebservices.com\/de\/wp-json\/wp\/v2\/pages\/755","targetHints":{"allow":["GET"]}}],"collection":[{"href":"https:\/\/baronwebservices.com\/de\/wp-json\/wp\/v2\/pages"}],"about":[{"href":"https:\/\/baronwebservices.com\/de\/wp-json\/wp\/v2\/types\/page"}],"author":[{"embeddable":true,"href":"https:\/\/baronwebservices.com\/de\/wp-json\/wp\/v2\/users\/1"}],"replies":[{"embeddable":true,"href":"https:\/\/baronwebservices.com\/de\/wp-json\/wp\/v2\/comments?post=755"}],"version-history":[{"count":0,"href":"https:\/\/baronwebservices.com\/de\/wp-json\/wp\/v2\/pages\/755\/revisions"}],"wp:attachment":[{"href":"https:\/\/baronwebservices.com\/de\/wp-json\/wp\/v2\/media?parent=755"}],"curies":[{"name":"wp","href":"https:\/\/api.w.org\/{rel}","templated":true}]}}